{"id":1450,"date":"2024-12-20T14:19:04","date_gmt":"2024-12-20T17:19:04","guid":{"rendered":"https:\/\/valedocapao.chapada.ba\/?page_id=1450"},"modified":"2026-04-17T14:52:39","modified_gmt":"2026-04-17T17:52:39","slug":"historico-local","status":"publish","type":"page","link":"https:\/\/valedocapao.chapada.ba\/en\/historico-local\/","title":{"rendered":"Hist\u00f3ria Local"},"content":{"rendered":"<div class=\"wp-block-stackable-spacer stk-block-spacer stk--no-padding stk-block stk-bce9997\" data-block-id=\"bce9997\"><style>.stk-bce9997 {height:50px !important;}<\/style><\/div>\n\n\n\n<div class=\"wp-block-stackable-separator alignfull stk-block-separator stk--no-padding stk-block stk-0387697 stk-block-background\" data-block-id=\"0387697\"><style>.stk-0387697 {background-color:var(--theme-palette-color-4, #FEFDFB) !important;border-top-left-radius:0px !important;border-top-right-radius:0px !important;border-bottom-right-radius:0px !important;border-bottom-left-radius:0px !important;overflow:hidden !important;box-shadow:none !important;border-top-width:0px !important;border-right-width:0px !important;border-bottom-width:0px !important;border-left-width:0px !important;margin-bottom:0px !important;}.stk-0387697:before{background-color:var(--theme-palette-color-4, #FEFDFB) !important;}.stk-0387697 .stk-block-separator__inner{height:127px !important;}<\/style><div class=\"stk-block-separator__inner\"><svg xmlns=\"http:\/\/www.w3.org\/2000\/svg\" viewbox=\"0 0 1600 200\" class=\"stk-separator__layer-1\" preserveaspectratio=\"none\" aria-hidden=\"true\"><path class=\"wave-1_svg__st2\" d=\"M1341.4 48.9c-182.4 0-254.2 80.4-429.4 80.4-117.8 0-209.7-67.5-393.5-67.5-142.2 0-212.6 38.8-324.6 38.8S-10 64.7-10 64.7V210h1620V102c-110.6-40.2-181-53.1-268.6-53.1z\"><\/path><\/svg><\/div><\/div>\n\n\n\n<div class=\"wp-block-stackable-spacer stk-block-spacer stk--no-padding stk-block stk-1a07abb\" data-block-id=\"1a07abb\"><\/div>\n\n\n\n<h2 class=\"wp-block-heading has-text-align-center\">Hist\u00f3ria Local<\/h2>\n\n\n\n<p class=\"has-text-align-center has-palette-color-6-color has-text-color has-link-color has-medium-font-size wp-elements-5f491f537b51adfd2f6a3cc742dccfe2\" style=\"font-style:normal;font-weight:700\"><a href=\"https:\/\/valedocapao.chapada.ba\/en\/galeria-de-fotos\/\" target=\"_blank\" rel=\"noreferrer noopener\">Hist\u00f3ria<\/a><\/p>\n\n\n\n<div class=\"wp-block-stackable-spacer stk-block-spacer stk--no-padding stk-block stk-546d0c7\" data-block-id=\"546d0c7\"><\/div>\n\n\n\n<p class=\"has-palette-color-6-color has-text-color has-link-color has-medium-font-size wp-elements-4fec57dfb96b4c7d4b1e56f0b975a1ca\">A hist\u00f3ria do Vale do Cap\u00e3o, por S\u00e2mia Rocha<\/p>\n\n\n\n<p class=\"has-palette-color-1-color has-text-color has-link-color has-medium-font-size wp-elements-1d110705db5c5fda4ba6a5dbb15f3f52\">O Vale do Cap\u00e3o, pequeno povoado que de pequeno n\u00e3o tem mais nada, surgiu h\u00e1 muito tempo, muito mesmo, antes das hist\u00f3rias mais antigas lembradas pelos ilustres mentores e anci\u00e3os do lugar. Datado de tempos ingl\u00f3rios da nossa hist\u00f3ria nacional, que se encontrava em conflitos extremamente importantes para a forma\u00e7\u00e3o do nosso pa\u00eds, como a Guerra de Canudos e a grande seca de 1877. Um documento antigo de 1681, dos bandeirantes paulistas, quando exploravam as altas montanhas do sert\u00e3o baiano, descreve a descoberta de um grupo de quilombo nas montanhas da Chapada. O grupo quilombola parecia j\u00e1 bem instalado e desenvolvido h\u00e1 algum tempo. N\u00e3o se sabe como chegaram at\u00e9 l\u00e1, mas a narrativa conta sobre um suposto naufr\u00e1gio de um navio negreiro no litoral baiano, e assim, os sobreviventes teriam seguido o percurso do Rio de Contas, chegando \u00e0s montanhas da Chapada. Esses foram os primeiros moradores da regi\u00e3o, mas no s\u00e9culo XVIII, com a descoberta do ouro, a coroa portuguesa come\u00e7ou a explorar o lugar, hoje conhecido como Chapada Diamantina.<\/p>\n\n\n\n<p class=\"has-palette-color-1-color has-text-color has-link-color has-medium-font-size wp-elements-1f5611735f63ca74033786fb1fd3431f\">Em 1877, data-se o registro mais antigo que cita o Cap\u00e3o em um documento formal. Como sabemos, hoje a regi\u00e3o onde est\u00e1 o Cap\u00e3o, uma imensa \u00e1rea florestal repleta de montanhas e cidades, a Chapada Diamantina, inserida no Parque Nacional da Chapada Diamantina, possui esse nome \u201cDiamantina\u201d por conta das grandes descobertas de diamantes. O primeiro diamante encontrado no lugar foi em Mucug\u00ea, em 1844, que, dentro da Chapada, \u00e9 um dos locais mais explorados pelo garimpo, ainda contendo in\u00fameras cavernas deixadas pelos garimpeiros, hoje atra\u00e7\u00f5es para o p\u00fablico. Ap\u00f3s isso, milhares de pessoas vieram \u00e0 Chapada em busca da mesma iguaria, incluindo o Vale. O Cap\u00e3o surgiu como projeto agr\u00edcola, financiado por donos do ramo do garimpo, com a inten\u00e7\u00e3o de aumentar o mercado da explora\u00e7\u00e3o na regi\u00e3o. Mas o ciclo da busca pelo diamante foi curto, pois, em 1860, houve a descoberta de diamantes em outras regi\u00f5es, como no Cabo da Boa Esperan\u00e7a, na \u00c1frica, e em Salobro, na Bahia. Assim, ap\u00f3s conflitos, guerras e crises econ\u00f4micas, o diamante perdeu valor, e a economia na Chapada quebrou totalmente.<\/p>\n\n\n\n<figure class=\"wp-block-image aligncenter size-full\"><img loading=\"lazy\" decoding=\"async\" width=\"472\" height=\"340\" src=\"https:\/\/valedocapao.chapada.ba\/wp-content\/uploads\/2025\/02\/Captura-de-Tela-7.png\" alt=\"\" class=\"wp-image-1758\" srcset=\"https:\/\/valedocapao.chapada.ba\/wp-content\/uploads\/2025\/02\/Captura-de-Tela-7.png 472w, https:\/\/valedocapao.chapada.ba\/wp-content\/uploads\/2025\/02\/Captura-de-Tela-7-300x216.png 300w, https:\/\/valedocapao.chapada.ba\/wp-content\/uploads\/2025\/02\/Captura-de-Tela-7-18x12.png 18w\" sizes=\"auto, (max-width: 472px) 100vw, 472px\" \/><\/figure>\n\n\n\n<p class=\"has-palette-color-4-color has-text-color has-link-color has-small-font-size wp-elements-a6f9f3272c57403e3d2dfbb49cbf4217\">Primeiro registro hist\u00f3rico que cita o Cap\u00e3o<\/p>\n\n\n\n<p class=\"has-palette-color-1-color has-text-color has-link-color has-medium-font-size wp-elements-fb86ada52615629b4f5aa75ca00d6330\">Segue uma cita\u00e7\u00e3o de um documento do historiador Gon\u00e7alo de Athayde Pereira em \u201cMem\u00f3ria hist\u00f3rica e descritiva do munic\u00edpio dos Len\u00e7\u00f3is\u201d: \u201cOs efeitos da guerra franco-prussiana muito contribu\u00edram para tamanha desgra\u00e7a, agravada ainda com a descoberta das minas do Salobro, no sul do Estado, o que ocasionou a retirada de grande parte da popula\u00e7\u00e3o de Len\u00e7\u00f3is em busca, talvez, de Eldorado. S\u00e3o de prever as consequ\u00eancias de tais abalos e o p\u00e2nico que por longo tempo trouxe aquele povo num atordoamento extraordin\u00e1rio. Afinal, decidiram-se alguns dos moradores \u00e0 lavoura do caf\u00e9, formando-se o grande povoado do Cap\u00e3o Grande.&#8221; \u2013 Texto de um portugu\u00eas do s\u00e9culo XIX.<\/p>\n\n\n\n<figure class=\"wp-block-image aligncenter size-full has-custom-border\"><img loading=\"lazy\" decoding=\"async\" width=\"759\" height=\"404\" src=\"https:\/\/valedocapao.chapada.ba\/wp-content\/uploads\/2025\/02\/706623c6-a930-4234-b5c0-d795cc6d31bb.jpg\" alt=\"\" class=\"wp-image-1756\" style=\"border-style:none;border-width:0px;border-top-left-radius:0px;border-top-right-radius:0px;border-bottom-left-radius:0px;border-bottom-right-radius:0px\" srcset=\"https:\/\/valedocapao.chapada.ba\/wp-content\/uploads\/2025\/02\/706623c6-a930-4234-b5c0-d795cc6d31bb.jpg 759w, https:\/\/valedocapao.chapada.ba\/wp-content\/uploads\/2025\/02\/706623c6-a930-4234-b5c0-d795cc6d31bb-300x160.jpg 300w, https:\/\/valedocapao.chapada.ba\/wp-content\/uploads\/2025\/02\/706623c6-a930-4234-b5c0-d795cc6d31bb-18x10.jpg 18w\" sizes=\"auto, (max-width: 759px) 100vw, 759px\" \/><\/figure>\n\n\n\n<p class=\"has-palette-color-1-color has-text-color has-link-color has-medium-font-size wp-elements-732461fc7b7d24b782340c4317c4111a\">Mas o solo f\u00e9rtil do Cap\u00e3o se fez presente, e para n\u00e3o ruir sua economia, o lugar foi transformado em um grande centro de lavouras de caf\u00e9, focando mais nos cultivos e expandindo a cria\u00e7\u00e3o de gado. E assim surgem os primeiros registros do lugar, que cresceu com os pequenos feudos e fazendas independentes, al\u00e9m do aumento da popula\u00e7\u00e3o. O Cap\u00e3o, antes nomeado de Cap\u00e3o Grande, tornou-se um grande produtor de caf\u00e9. A terra era apta ao plantio, e o caf\u00e9 era de qualidade excepcional, sendo comparado aos melhores do mundo. Para o escoamento do caf\u00e9, foram constru\u00eddas in\u00fameras rodas d\u2019\u00e1gua. Hoje, restam apenas os encaixes, mas, por anos, o Cap\u00e3o foi lar de in\u00fameras rodas d\u2019\u00e1gua, cuja fun\u00e7\u00e3o era majoritariamente o escoamento do caf\u00e9. Mesmo assim, n\u00e3o era suficiente. Contudo, havia problemas, pois, com as grandes quantidades, seriam necess\u00e1rios meios de transporte eficientes, algo que n\u00e3o existia, j\u00e1 que o acesso ao lugar era complicado e a transporta\u00e7\u00e3o do produto ainda mais. Ao final de uma mat\u00e9ria de jornal de 1877, faz-se uma s\u00faplica ao governo, pois o acesso ao lugar era restrito, e eles n\u00e3o tinham meios de transporte, nem trens nem estradas. Com isso, os empres\u00e1rios come\u00e7aram a se retirar, indo embora por falta de expectativa de vendas, deixando apenas os trabalhadores, que vendiam apenas para o mercado regional e cidades vizinhas.<\/p>\n\n\n\n<p class=\"has-palette-color-1-color has-text-color has-link-color has-medium-font-size wp-elements-3eaae2473d89f1f30c1283476b022f56\">O governo s\u00f3 fez algo no ano de 1889, quando construiu uma estrada ligando Len\u00e7\u00f3is ao Cap\u00e3o, conhecida hoje como \u201cTrilha das Mulas\u201d. Al\u00e9m disso, criaram outras liga\u00e7\u00f5es, como uma sa\u00edda para a Volta da Serra, que conectava a uma estrada que ia at\u00e9 Bom Jesus da Lapa. E assim vemos a primeira apari\u00e7\u00e3o do Cap\u00e3o no mapa, em 1892, com o nome de Cap\u00e3o-Grande. Por\u00e9m, ap\u00f3s a constru\u00e7\u00e3o das estradas, veio a seca, que foi t\u00e3o devastadora que grande parte da popula\u00e7\u00e3o come\u00e7ou a adentrar a mata, migrando para os gerais do Vieira, e, a partir de l\u00e1, criaram o Vale do Pati.<\/p>\n\n\n\n<div class=\"wp-block-stackable-spacer stk-block-spacer stk--no-padding stk-block stk-befda06\" data-block-id=\"befda06\"><style>.stk-befda06 {height:50px !important;}<\/style><\/div>\n\n\n\n<div class=\"wp-block-stackable-separator alignfull stk-block-separator stk--no-padding stk-block stk-ce27918 stk-block-background\" data-block-id=\"ce27918\"><style>.stk-ce27918 {background-color:var(--theme-palette-color-4, #FEFDFB) !important;border-top-left-radius:0px !important;border-top-right-radius:0px !important;border-bottom-right-radius:0px !important;border-bottom-left-radius:0px !important;overflow:hidden !important;box-shadow:none !important;border-top-width:0px !important;border-right-width:0px !important;border-bottom-width:0px !important;border-left-width:0px !important;margin-bottom:0px !important;transform:scaleY(-1) !important;}.stk-ce27918:before{background-color:var(--theme-palette-color-4, #FEFDFB) !important;}.stk-ce27918 .stk-block-separator__inner{height:127px !important;}<\/style><div class=\"stk-block-separator__inner\"><svg xmlns=\"http:\/\/www.w3.org\/2000\/svg\" viewbox=\"0 0 1600 200\" class=\"stk-separator__layer-1\" preserveaspectratio=\"none\" aria-hidden=\"true\"><path class=\"wave-1_svg__st2\" d=\"M1341.4 48.9c-182.4 0-254.2 80.4-429.4 80.4-117.8 0-209.7-67.5-393.5-67.5-142.2 0-212.6 38.8-324.6 38.8S-10 64.7-10 64.7V210h1620V102c-110.6-40.2-181-53.1-268.6-53.1z\"><\/path><\/svg><\/div><\/div>\n\n\n\n<div class=\"wp-block-stackable-spacer stk-block-spacer stk--no-padding stk-block stk-27a8c8d\" data-block-id=\"27a8c8d\"><\/div>\n\n\n\n<p><\/p>","protected":false},"excerpt":{"rendered":"<p>Hist\u00f3ria Local Hist\u00f3ria A hist\u00f3ria do Vale do Cap\u00e3o, por S\u00e2mia Rocha O Vale do Cap\u00e3o, pequeno povoado que de pequeno n\u00e3o tem mais nada, surgiu h\u00e1 muito tempo, muito [&hellip;]<\/p>","protected":false},"author":5,"featured_media":1535,"parent":0,"menu_order":0,"comment_status":"closed","ping_status":"closed","template":"","meta":{"_acf_changed":false,"_price":"","_stock":"","_tribe_ticket_header":"","_tribe_default_ticket_provider":"","_ticket_start_date":"","_ticket_end_date":"","_tribe_ticket_show_description":"","_tribe_ticket_show_not_going":false,"_tribe_ticket_use_global_stock":"","_tribe_ticket_global_stock_level":"","_global_stock_mode":"","_global_stock_cap":"","_tribe_rsvp_for_event":"","_tribe_ticket_going_count":"","_tribe_ticket_not_going_count":"","_tribe_tickets_list":"[]","_tribe_ticket_has_attendee_info_fields":false,"footnotes":"","_tec_slr_enabled":"","_tec_slr_layout":""},"class_list":["post-1450","page","type-page","status-publish","has-post-thumbnail","hentry"],"blocksy_meta":[],"acf":[],"ticketed":false,"_links":{"self":[{"href":"https:\/\/valedocapao.chapada.ba\/en\/wp-json\/wp\/v2\/pages\/1450","targetHints":{"allow":["GET"]}}],"collection":[{"href":"https:\/\/valedocapao.chapada.ba\/en\/wp-json\/wp\/v2\/pages"}],"about":[{"href":"https:\/\/valedocapao.chapada.ba\/en\/wp-json\/wp\/v2\/types\/page"}],"author":[{"embeddable":true,"href":"https:\/\/valedocapao.chapada.ba\/en\/wp-json\/wp\/v2\/users\/5"}],"replies":[{"embeddable":true,"href":"https:\/\/valedocapao.chapada.ba\/en\/wp-json\/wp\/v2\/comments?post=1450"}],"version-history":[{"count":10,"href":"https:\/\/valedocapao.chapada.ba\/en\/wp-json\/wp\/v2\/pages\/1450\/revisions"}],"predecessor-version":[{"id":2325,"href":"https:\/\/valedocapao.chapada.ba\/en\/wp-json\/wp\/v2\/pages\/1450\/revisions\/2325"}],"wp:featuredmedia":[{"embeddable":true,"href":"https:\/\/valedocapao.chapada.ba\/en\/wp-json\/wp\/v2\/media\/1535"}],"wp:attachment":[{"href":"https:\/\/valedocapao.chapada.ba\/en\/wp-json\/wp\/v2\/media?parent=1450"}],"curies":[{"name":"wp","href":"https:\/\/api.w.org\/{rel}","templated":true}]}}