{"id":1634,"date":"2025-01-27T15:48:19","date_gmt":"2025-01-27T18:48:19","guid":{"rendered":"https:\/\/valedocapao.chapada.ba\/?page_id=1634"},"modified":"2026-04-16T21:25:36","modified_gmt":"2026-04-17T00:25:36","slug":"espacosculturais","status":"publish","type":"page","link":"https:\/\/valedocapao.chapada.ba\/en\/espacosculturais\/","title":{"rendered":"Espa\u00e7os Culturais do Vale do Cap\u00e3o"},"content":{"rendered":"<p><\/p>\n\n\n\n<div class=\"wp-block-stackable-spacer stk-block-spacer stk--no-padding stk-block stk-f968633\" data-block-id=\"f968633\"><\/div>\n\n\n\n<div class=\"wp-block-stackable-separator alignfull stk-block-separator stk--no-padding stk-block stk-d91133a stk-block-background\" data-block-id=\"d91133a\"><style>.stk-d91133a {background-color:var(--theme-palette-color-4, #FEFDFB) !important;border-top-left-radius:0px !important;border-top-right-radius:0px !important;border-bottom-right-radius:0px !important;border-bottom-left-radius:0px !important;overflow:hidden !important;box-shadow:none !important;border-top-width:0px !important;border-right-width:0px !important;border-bottom-width:0px !important;border-left-width:0px !important;margin-bottom:0px !important;}.stk-d91133a:before{background-color:var(--theme-palette-color-4, #FEFDFB) !important;}.stk-d91133a .stk-block-separator__inner{height:150px !important;}<\/style><div class=\"stk-block-separator__inner\"><svg xmlns=\"http:\/\/www.w3.org\/2000\/svg\" viewbox=\"0 0 1600 200\" class=\"stk-separator__layer-1\" preserveaspectratio=\"none\" aria-hidden=\"true\"><path class=\"wave-1_svg__st2\" d=\"M1341.4 48.9c-182.4 0-254.2 80.4-429.4 80.4-117.8 0-209.7-67.5-393.5-67.5-142.2 0-212.6 38.8-324.6 38.8S-10 64.7-10 64.7V210h1620V102c-110.6-40.2-181-53.1-268.6-53.1z\"><\/path><\/svg><\/div><\/div>\n\n\n\n<div class=\"wp-block-stackable-spacer stk-block-spacer stk--no-padding stk-block stk-f2d5d52\" data-block-id=\"f2d5d52\"><\/div>\n\n\n\n<h2 class=\"wp-block-heading has-text-align-center\">Espa\u00e7os Culturais do Vale do Cap\u00e3o<\/h2>\n\n\n\n<p class=\"has-text-align-center has-palette-color-6-color has-text-color has-link-color has-medium-font-size wp-elements-d4b07ae4c85da41922d6779e0ff6317a\" style=\"font-style:normal;font-weight:700\"><a href=\"https:\/\/valedocapao.chapada.ba\/en\/espacosculturais\/\" data-type=\"page\" data-id=\"1634\" target=\"_blank\" rel=\"noreferrer noopener\">Espa\u00e7os Culturais<\/a><\/p>\n\n\n\n<div class=\"wp-block-stackable-spacer stk-block-spacer stk--no-padding stk-block stk-2dba5e7\" data-block-id=\"2dba5e7\"><\/div>\n\n\n        <div class=\"wp-block-getwid-custom-post-type custom-post-type-espaco_cultural alignwide has-layout-grid has-spacing-large minha-paginacao\">\n            <div class=\"wp-block-getwid-custom-post-type__wrapper getwid-columns getwid-columns-3\">\n                \t\t\t\t\t\t\t\t<div class='wp-block-getwid-custom-post-type__post'>\n\t\t\t\t\t\t\t\t\t\n<div class=\"wp-block-group has-white-background-color has-background is-layout-constrained wp-container-core-group-is-layout-19e250f3 wp-block-group-is-layout-constrained\" style=\"border-top-left-radius:20px;border-top-right-radius:20px;border-bottom-left-radius:20px;border-bottom-right-radius:20px\"><\/div>\n\n\n<h3 class=\"has-text-align-center alignwide wp-block-post-title\"><a href=\"https:\/\/valedocapao.chapada.ba\/en\/espaco_cultural\/vila-flor\/\" target=\"_self\" >Vila Flor<\/a><\/h3>\n\n\n<p><\/p>\n\t\t\t\t\t\t\t\t<\/div>\n\t\t\t\t\t\t\t\t\t\t\t\t\t\t\t<div class='wp-block-getwid-custom-post-type__post'>\n\t\t\t\t\t\t\t\t\t\n<div class=\"wp-block-group has-white-background-color has-background is-layout-constrained wp-container-core-group-is-layout-19e250f3 wp-block-group-is-layout-constrained\" style=\"border-top-left-radius:20px;border-top-right-radius:20px;border-bottom-left-radius:20px;border-bottom-right-radius:20px\"><figure style=\"aspect-ratio:4\/3;\" class=\"wp-block-post-featured-image\"><img loading=\"lazy\" decoding=\"async\" width=\"1290\" height=\"928\" src=\"https:\/\/valedocapao.chapada.ba\/wp-content\/uploads\/2025\/02\/Slide-01-Fila-Acrobacia.webp\" class=\"attachment-post-thumbnail size-post-thumbnail wp-post-image\" alt=\"\" style=\"border-top-left-radius:20px;border-top-right-radius:20px;border-bottom-left-radius:20px;border-bottom-right-radius:20px;width:100%;height:100%;object-fit:cover;box-shadow:var(--wp--preset--shadow--sharp);\" srcset=\"https:\/\/valedocapao.chapada.ba\/wp-content\/uploads\/2025\/02\/Slide-01-Fila-Acrobacia.webp 1290w, https:\/\/valedocapao.chapada.ba\/wp-content\/uploads\/2025\/02\/Slide-01-Fila-Acrobacia-300x216.webp 300w, https:\/\/valedocapao.chapada.ba\/wp-content\/uploads\/2025\/02\/Slide-01-Fila-Acrobacia-1024x737.webp 1024w, https:\/\/valedocapao.chapada.ba\/wp-content\/uploads\/2025\/02\/Slide-01-Fila-Acrobacia-768x552.webp 768w, https:\/\/valedocapao.chapada.ba\/wp-content\/uploads\/2025\/02\/Slide-01-Fila-Acrobacia-18x12.webp 18w\" sizes=\"auto, (max-width: 1290px) 100vw, 1290px\" \/><\/figure><\/div>\n\n\n<h3 class=\"has-text-align-center alignwide wp-block-post-title\"><a href=\"https:\/\/valedocapao.chapada.ba\/en\/espaco_cultural\/rufino-rocha\/\" target=\"_self\" >Rufino Rocha<\/a><\/h3>\n\n\n<p><\/p>\n\t\t\t\t\t\t\t\t<\/div>\n\t\t\t\t\t\t\t\t\t\t\t\t\t\t\t<div class='wp-block-getwid-custom-post-type__post'>\n\t\t\t\t\t\t\t\t\t\n<div class=\"wp-block-group has-white-background-color has-background is-layout-constrained wp-container-core-group-is-layout-19e250f3 wp-block-group-is-layout-constrained\" style=\"border-top-left-radius:20px;border-top-right-radius:20px;border-bottom-left-radius:20px;border-bottom-right-radius:20px\"><\/div>\n\n\n<h3 class=\"has-text-align-center alignwide wp-block-post-title\"><a href=\"https:\/\/valedocapao.chapada.ba\/en\/espaco_cultural\/horto-vale-flora\/\" target=\"_self\" >Horto Vale Flora<\/a><\/h3>\n\n\n<p><\/p>\n\t\t\t\t\t\t\t\t<\/div>\n\t\t\t\t\t\t\t\t\t\t\t\t\t\t\t<div class='wp-block-getwid-custom-post-type__post'>\n\t\t\t\t\t\t\t\t\t\n<div class=\"wp-block-group has-white-background-color has-background is-layout-constrained wp-container-core-group-is-layout-19e250f3 wp-block-group-is-layout-constrained\" style=\"border-top-left-radius:20px;border-top-right-radius:20px;border-bottom-left-radius:20px;border-bottom-right-radius:20px\"><figure style=\"aspect-ratio:4\/3;\" class=\"wp-block-post-featured-image\"><img loading=\"lazy\" decoding=\"async\" width=\"2560\" height=\"1920\" src=\"https:\/\/valedocapao.chapada.ba\/wp-content\/uploads\/2025\/02\/IMG_3055-scaled.jpg\" class=\"attachment-post-thumbnail size-post-thumbnail wp-post-image\" alt=\"\" style=\"border-top-left-radius:20px;border-top-right-radius:20px;border-bottom-left-radius:20px;border-bottom-right-radius:20px;width:100%;height:100%;object-fit:cover;box-shadow:var(--wp--preset--shadow--sharp);\" srcset=\"https:\/\/valedocapao.chapada.ba\/wp-content\/uploads\/2025\/02\/IMG_3055-scaled.jpg 2560w, https:\/\/valedocapao.chapada.ba\/wp-content\/uploads\/2025\/02\/IMG_3055-300x225.jpg 300w, https:\/\/valedocapao.chapada.ba\/wp-content\/uploads\/2025\/02\/IMG_3055-1024x768.jpg 1024w, https:\/\/valedocapao.chapada.ba\/wp-content\/uploads\/2025\/02\/IMG_3055-768x576.jpg 768w, https:\/\/valedocapao.chapada.ba\/wp-content\/uploads\/2025\/02\/IMG_3055-1536x1152.jpg 1536w, https:\/\/valedocapao.chapada.ba\/wp-content\/uploads\/2025\/02\/IMG_3055-2048x1536.jpg 2048w, https:\/\/valedocapao.chapada.ba\/wp-content\/uploads\/2025\/02\/IMG_3055-16x12.jpg 16w\" sizes=\"auto, (max-width: 2560px) 100vw, 2560px\" \/><\/figure><\/div>\n\n\n<h3 class=\"has-text-align-center alignwide wp-block-post-title\"><a href=\"https:\/\/valedocapao.chapada.ba\/en\/espaco_cultural\/coreto\/\" target=\"_self\" >Coreto<\/a><\/h3>\n\n\n<p><\/p>\n\t\t\t\t\t\t\t\t<\/div>\n\t\t\t\t\t\t\t\t\t\t\t\t\t\t\t<div class='wp-block-getwid-custom-post-type__post'>\n\t\t\t\t\t\t\t\t\t\n<div class=\"wp-block-group has-white-background-color has-background is-layout-constrained wp-container-core-group-is-layout-19e250f3 wp-block-group-is-layout-constrained\" style=\"border-top-left-radius:20px;border-top-right-radius:20px;border-bottom-left-radius:20px;border-bottom-right-radius:20px\"><figure style=\"aspect-ratio:4\/3;\" class=\"wp-block-post-featured-image\"><img loading=\"lazy\" decoding=\"async\" width=\"2560\" height=\"1700\" src=\"https:\/\/valedocapao.chapada.ba\/wp-content\/uploads\/2025\/01\/DSC_0298-scaled.jpg\" class=\"attachment-post-thumbnail size-post-thumbnail wp-post-image\" alt=\"\" style=\"border-top-left-radius:20px;border-top-right-radius:20px;border-bottom-left-radius:20px;border-bottom-right-radius:20px;width:100%;height:100%;object-fit:cover;box-shadow:var(--wp--preset--shadow--sharp);\" srcset=\"https:\/\/valedocapao.chapada.ba\/wp-content\/uploads\/2025\/01\/DSC_0298-scaled.jpg 2560w, https:\/\/valedocapao.chapada.ba\/wp-content\/uploads\/2025\/01\/DSC_0298-300x199.jpg 300w, https:\/\/valedocapao.chapada.ba\/wp-content\/uploads\/2025\/01\/DSC_0298-1024x680.jpg 1024w, https:\/\/valedocapao.chapada.ba\/wp-content\/uploads\/2025\/01\/DSC_0298-768x510.jpg 768w, https:\/\/valedocapao.chapada.ba\/wp-content\/uploads\/2025\/01\/DSC_0298-1536x1020.jpg 1536w, https:\/\/valedocapao.chapada.ba\/wp-content\/uploads\/2025\/01\/DSC_0298-2048x1360.jpg 2048w, https:\/\/valedocapao.chapada.ba\/wp-content\/uploads\/2025\/01\/DSC_0298-18x12.jpg 18w\" sizes=\"auto, (max-width: 2560px) 100vw, 2560px\" \/><\/figure><\/div>\n\n\n<h3 class=\"has-text-align-center alignwide wp-block-post-title\"><a href=\"https:\/\/valedocapao.chapada.ba\/en\/espaco_cultural\/circo-do-capao\/\" target=\"_self\" >Circo do Cap\u00e3o<\/a><\/h3>\n\n\n<p><\/p>\n\t\t\t\t\t\t\t\t<\/div>\n\t\t\t\t\t\t\t\t\t\t\t\t\t\t\t<div class='wp-block-getwid-custom-post-type__post'>\n\t\t\t\t\t\t\t\t\t\n<div class=\"wp-block-group has-white-background-color has-background is-layout-constrained wp-container-core-group-is-layout-19e250f3 wp-block-group-is-layout-constrained\" style=\"border-top-left-radius:20px;border-top-right-radius:20px;border-bottom-left-radius:20px;border-bottom-right-radius:20px\"><figure style=\"aspect-ratio:4\/3;\" class=\"wp-block-post-featured-image\"><img loading=\"lazy\" decoding=\"async\" width=\"2560\" height=\"1920\" src=\"https:\/\/valedocapao.chapada.ba\/wp-content\/uploads\/2025\/02\/BI-scaled.jpg\" class=\"attachment-post-thumbnail size-post-thumbnail wp-post-image\" alt=\"\" style=\"border-top-left-radius:20px;border-top-right-radius:20px;border-bottom-left-radius:20px;border-bottom-right-radius:20px;width:100%;height:100%;object-fit:cover;box-shadow:var(--wp--preset--shadow--sharp);\" srcset=\"https:\/\/valedocapao.chapada.ba\/wp-content\/uploads\/2025\/02\/BI-scaled.jpg 2560w, https:\/\/valedocapao.chapada.ba\/wp-content\/uploads\/2025\/02\/BI-300x225.jpg 300w, https:\/\/valedocapao.chapada.ba\/wp-content\/uploads\/2025\/02\/BI-1024x768.jpg 1024w, https:\/\/valedocapao.chapada.ba\/wp-content\/uploads\/2025\/02\/BI-768x576.jpg 768w, https:\/\/valedocapao.chapada.ba\/wp-content\/uploads\/2025\/02\/BI-1536x1152.jpg 1536w, https:\/\/valedocapao.chapada.ba\/wp-content\/uploads\/2025\/02\/BI-2048x1536.jpg 2048w, https:\/\/valedocapao.chapada.ba\/wp-content\/uploads\/2025\/02\/BI-16x12.jpg 16w\" sizes=\"auto, (max-width: 2560px) 100vw, 2560px\" \/><\/figure><\/div>\n\n\n<h3 class=\"has-text-align-center alignwide wp-block-post-title\"><a href=\"https:\/\/valedocapao.chapada.ba\/en\/espaco_cultural\/biblioteca-comunitaria\/\" target=\"_self\" >Biblioteca Comunit\u00e1ria<\/a><\/h3>\n\n\n<p><\/p>\n\t\t\t\t\t\t\t\t<\/div>\n\t\t\t\t\t\t\t            <\/div>\n\n                            <nav class=\"navigation pagination\" role=\"navigation\">\n                    <h2 class=\"screen-reader-text\"><\/h2>\n                    <div class=\"nav-links\">\n                    <span aria-current=\"page\" class=\"page-numbers current\">1<\/span>\n<a class=\"page-numbers\" href=\"https:\/\/valedocapao.chapada.ba\/en\/wp-json\/wp\/v2\/pages\/1634\/page\/2\/\">2<\/a>\n<a class=\"next page-numbers\" href=\"https:\/\/valedocapao.chapada.ba\/en\/wp-json\/wp\/v2\/pages\/1634\/page\/2\/\">> <i><\/i><\/a>                    <\/div>\n                <\/nav>\n                    <\/div>\n        \n\n\n<div class=\"wp-block-stackable-spacer stk-block-spacer stk--no-padding stk-block stk-38a8cb9\" data-block-id=\"38a8cb9\"><\/div>\n\n\n\n<div class=\"wp-block-stackable-separator alignfull stk-block-separator stk--no-padding stk-block stk-a9759f7 stk-block-background\" data-block-id=\"a9759f7\"><style>.stk-a9759f7 {background-color:var(--theme-palette-color-4, #FEFDFB) !important;border-top-left-radius:0px !important;border-top-right-radius:0px !important;border-bottom-right-radius:0px !important;border-bottom-left-radius:0px !important;overflow:hidden !important;box-shadow:none !important;border-top-width:0px !important;border-right-width:0px !important;border-bottom-width:0px !important;border-left-width:0px !important;margin-bottom:0px !important;transform:scaleY(-1) !important;}.stk-a9759f7:before{background-color:var(--theme-palette-color-4, #FEFDFB) !important;}.stk-a9759f7 .stk-block-separator__inner{height:150px !important;}<\/style><div class=\"stk-block-separator__inner\"><svg xmlns=\"http:\/\/www.w3.org\/2000\/svg\" viewbox=\"0 0 1600 200\" class=\"stk-separator__layer-1\" preserveaspectratio=\"none\" aria-hidden=\"true\"><path class=\"wave-1_svg__st2\" d=\"M1341.4 48.9c-182.4 0-254.2 80.4-429.4 80.4-117.8 0-209.7-67.5-393.5-67.5-142.2 0-212.6 38.8-324.6 38.8S-10 64.7-10 64.7V210h1620V102c-110.6-40.2-181-53.1-268.6-53.1z\"><\/path><\/svg><\/div><\/div>\n\n\n\n<div class=\"wp-block-stackable-spacer stk-block-spacer stk--no-padding stk-block stk-d13a95a\" data-block-id=\"d13a95a\"><\/div>\n\n\n\n<p><\/p>","protected":false},"excerpt":{"rendered":"<p>Espa\u00e7os Culturais do Vale do Cap\u00e3o Espa\u00e7os Culturais<\/p>","protected":false},"author":5,"featured_media":0,"parent":0,"menu_order":0,"comment_status":"closed","ping_status":"closed","template":"","meta":{"_acf_changed":false,"_price":"","_stock":"","_tribe_ticket_header":"","_tribe_default_ticket_provider":"","_ticket_start_date":"","_ticket_end_date":"","_tribe_ticket_show_description":"","_tribe_ticket_show_not_going":false,"_tribe_ticket_use_global_stock":"","_tribe_ticket_global_stock_level":"","_global_stock_mode":"","_global_stock_cap":"","_tribe_rsvp_for_event":"","_tribe_ticket_going_count":"","_tribe_ticket_not_going_count":"","_tribe_tickets_list":"[]","_tribe_ticket_has_attendee_info_fields":false,"footnotes":"","_tec_slr_enabled":"","_tec_slr_layout":""},"class_list":["post-1634","page","type-page","status-publish","hentry"],"blocksy_meta":[],"acf":[],"ticketed":false,"_links":{"self":[{"href":"https:\/\/valedocapao.chapada.ba\/en\/wp-json\/wp\/v2\/pages\/1634","targetHints":{"allow":["GET"]}}],"collection":[{"href":"https:\/\/valedocapao.chapada.ba\/en\/wp-json\/wp\/v2\/pages"}],"about":[{"href":"https:\/\/valedocapao.chapada.ba\/en\/wp-json\/wp\/v2\/types\/page"}],"author":[{"embeddable":true,"href":"https:\/\/valedocapao.chapada.ba\/en\/wp-json\/wp\/v2\/users\/5"}],"replies":[{"embeddable":true,"href":"https:\/\/valedocapao.chapada.ba\/en\/wp-json\/wp\/v2\/comments?post=1634"}],"version-history":[{"count":6,"href":"https:\/\/valedocapao.chapada.ba\/en\/wp-json\/wp\/v2\/pages\/1634\/revisions"}],"predecessor-version":[{"id":2310,"href":"https:\/\/valedocapao.chapada.ba\/en\/wp-json\/wp\/v2\/pages\/1634\/revisions\/2310"}],"wp:attachment":[{"href":"https:\/\/valedocapao.chapada.ba\/en\/wp-json\/wp\/v2\/media?parent=1634"}],"curies":[{"name":"wp","href":"https:\/\/api.w.org\/{rel}","templated":true}]}}