{"id":2159,"date":"2026-04-11T23:25:59","date_gmt":"2026-04-12T02:25:59","guid":{"rendered":"https:\/\/valedocapao.chapada.ba\/?page_id=2159"},"modified":"2026-04-11T23:47:10","modified_gmt":"2026-04-12T02:47:10","slug":"oficinas-livres-tecnologia-social-das-produtoras-culturais-colaborativas","status":"publish","type":"page","link":"https:\/\/valedocapao.chapada.ba\/en\/oficinas-livres-tecnologia-social-das-produtoras-culturais-colaborativas\/","title":{"rendered":""},"content":{"rendered":"<div class=\"wp-block-stackable-spacer stk-block-spacer stk--no-padding stk-block stk-7f9921d\" data-block-id=\"7f9921d\"><\/div>\n\n\n\n<figure class=\"wp-block-image aligncenter size-large is-style-rounded\" style=\"margin-top:0;margin-bottom:0\"><img loading=\"lazy\" decoding=\"async\" width=\"1024\" height=\"768\" src=\"https:\/\/valedocapao.chapada.ba\/wp-content\/uploads\/2026\/04\/ca137679-39a2-424a-973f-c3558ab1d3f8-1024x768.jpeg\" alt=\"\" class=\"wp-image-2161\" style=\"aspect-ratio:16\/9;object-fit:cover\" srcset=\"https:\/\/valedocapao.chapada.ba\/wp-content\/uploads\/2026\/04\/ca137679-39a2-424a-973f-c3558ab1d3f8-1024x768.jpeg 1024w, https:\/\/valedocapao.chapada.ba\/wp-content\/uploads\/2026\/04\/ca137679-39a2-424a-973f-c3558ab1d3f8-300x225.jpeg 300w, https:\/\/valedocapao.chapada.ba\/wp-content\/uploads\/2026\/04\/ca137679-39a2-424a-973f-c3558ab1d3f8-768x576.jpeg 768w, https:\/\/valedocapao.chapada.ba\/wp-content\/uploads\/2026\/04\/ca137679-39a2-424a-973f-c3558ab1d3f8-1536x1152.jpeg 1536w, https:\/\/valedocapao.chapada.ba\/wp-content\/uploads\/2026\/04\/ca137679-39a2-424a-973f-c3558ab1d3f8-16x12.jpeg 16w, https:\/\/valedocapao.chapada.ba\/wp-content\/uploads\/2026\/04\/ca137679-39a2-424a-973f-c3558ab1d3f8.jpeg 1600w\" sizes=\"auto, (max-width: 1024px) 100vw, 1024px\" \/><\/figure>\n\n\n\n<p><\/p>\n\n\n\n<p class=\"has-palette-color-4-color has-palette-color-5-background-color has-text-color has-background has-link-color wp-elements-7b45a121a23a9ab6204f89c90192d1ad\">O evento foi um verdadeiro sucesso! \u2728 Tivemos um dia inteiro marcado por trocas riqu\u00edssimas de conhecimento, conex\u00f5es e muita inspira\u00e7\u00e3o.<\/p>\n\n\n\n<p class=\"has-palette-color-4-color has-text-color has-link-color wp-elements-983ace6bfba307a099d83a02a7db0ca3\">    A programa\u00e7\u00e3o contou com diversas oficinas, que foram elaboradas pelos pr\u00f3prios participantes, onde cada um escolheu o tema que gostaria de ensinar, fortalecendo ainda mais o car\u00e1ter colaborativo do evento. Entre elas:<\/p>\n\n\n\n<ul class=\"wp-block-list\">\n<li class=\"has-palette-color-4-color has-text-color has-link-color wp-elements-be232eb2da4a658260c2691c39647e86\">\u201cO que \u00e9 e como organizar uma Produtora Cultural Colaborativa\u201d<\/li>\n\n\n\n<li class=\"has-palette-color-4-color has-text-color has-link-color wp-elements-987bd73563a9739ce83f3dc618167e0f\">Cria\u00e7\u00e3o de roteiros para v\u00eddeo<\/li>\n\n\n\n<li class=\"has-palette-color-4-color has-text-color has-link-color wp-elements-cfdd8933f4cacd8ea57ef09553af2af6\">T\u00e9cnicas de desenho mang\u00e1<\/li>\n\n\n\n<li class=\"has-palette-color-4-color has-text-color has-link-color wp-elements-9b5155ac58cc18f9ab8cdcf334b8551b\">Instala\u00e7\u00e3o de Linux<\/li>\n\n\n\n<li class=\"has-palette-color-4-color has-text-color has-link-color wp-elements-45dbeb25d601dc3d3f44d27cdacd3e73\">Plataformas livres para Produ\u00e7\u00e3o Cultural Colaborativa<\/li>\n<\/ul>\n\n\n\n<p class=\"has-palette-color-4-color has-text-color has-link-color wp-elements-1920e009a6a00aa93453ffea1e6d88cd\">    Tamb\u00e9m tivemos uma pausa especial para o almo\u00e7o, destinada aos participantes inscritos pelo site, proporcionando um momento de descanso e integra\u00e7\u00e3o.<\/p>\n\n\n\n<p class=\"has-palette-color-4-color has-text-color has-link-color wp-elements-a97a22f79b2d408d091b882fa4d4b5fa\">    Ao longo do dia, revivemos muitos momentos marcantes, deixando aquele gostinho de \u201cquero mais\u201d no ar. \ud83d\udcad<\/p>\n\n\n\n<p class=\"has-palette-color-4-color has-text-color has-link-color wp-elements-55e97ca7b3697b709927c211bad8862f\">    E para fechar com chave de ouro, o evento contou com a apresenta\u00e7\u00e3o de uma banda de reggae formada por uma fam\u00edlia local, seguida por um DJ que encerrou a programa\u00e7\u00e3o com muita m\u00fasica, energia e celebra\u00e7\u00e3o. \ud83c\udfb6<\/p>\n\n\n\n<p class=\"has-palette-color-4-color has-text-color has-link-color wp-elements-34cea70764ad49f149d33d89fdb6bcf6\">    Em breve, teremos mais atividades! Fiquem ligados, porque j\u00e1 j\u00e1 vamos divulgar a pr\u00f3xima data. \ud83d\udc40\u2728<\/p>\n\n\n\n<p class=\"has-palette-color-4-color has-text-color has-link-color wp-elements-180c324c0f732b5d2d07a896de45a09f\">    Este trabalho \u00e9 realizado pelo Instituto Intercidadania e promovido pelo Pont\u00e3o de Cultura Digital e M\u00eddia Livre, com incentivo do Minist\u00e9rio da Cultura e apoio do Comit\u00ea Gestor, em cumprimento ao Plano de Trabalho do TCC 951140\/2023, do Edital de Sele\u00e7\u00e3o P\u00fablica n\u00ba 09, de 31 de agosto de 2023, \u201cCultura Viva \u2013 Fomento a Pont\u00f5es de Cultura\u201d.<\/p>\n\n\n\n<figure class=\"wp-block-image aligncenter size-large is-resized\"><img loading=\"lazy\" decoding=\"async\" width=\"1024\" height=\"768\" src=\"https:\/\/valedocapao.chapada.ba\/wp-content\/uploads\/2026\/04\/ab0d4a8b-4aa0-4e04-af10-42587a96d4b2-1024x768.jpeg\" alt=\"\" class=\"wp-image-2160\" style=\"object-fit:cover;width:800px;height:400px\" srcset=\"https:\/\/valedocapao.chapada.ba\/wp-content\/uploads\/2026\/04\/ab0d4a8b-4aa0-4e04-af10-42587a96d4b2-1024x768.jpeg 1024w, https:\/\/valedocapao.chapada.ba\/wp-content\/uploads\/2026\/04\/ab0d4a8b-4aa0-4e04-af10-42587a96d4b2-300x225.jpeg 300w, https:\/\/valedocapao.chapada.ba\/wp-content\/uploads\/2026\/04\/ab0d4a8b-4aa0-4e04-af10-42587a96d4b2-768x576.jpeg 768w, https:\/\/valedocapao.chapada.ba\/wp-content\/uploads\/2026\/04\/ab0d4a8b-4aa0-4e04-af10-42587a96d4b2-16x12.jpeg 16w, https:\/\/valedocapao.chapada.ba\/wp-content\/uploads\/2026\/04\/ab0d4a8b-4aa0-4e04-af10-42587a96d4b2.jpeg 1280w\" sizes=\"auto, (max-width: 1024px) 100vw, 1024px\" \/><\/figure>\n\n\n\n<div class=\"wp-block-stackable-spacer stk-block-spacer stk--no-padding stk-block stk-b60a3ca\" data-block-id=\"b60a3ca\"><\/div>","protected":false},"excerpt":{"rendered":"<p>O evento foi um verdadeiro sucesso! \u2728 Tivemos um dia inteiro marcado por trocas riqu\u00edssimas de conhecimento, conex\u00f5es e muita inspira\u00e7\u00e3o. A programa\u00e7\u00e3o contou com diversas oficinas, que foram elaboradas [&hellip;]<\/p>","protected":false},"author":5,"featured_media":0,"parent":0,"menu_order":0,"comment_status":"closed","ping_status":"closed","template":"","meta":{"_acf_changed":false,"_price":"","_stock":"","_tribe_ticket_header":"","_tribe_default_ticket_provider":"","_ticket_start_date":"","_ticket_end_date":"","_tribe_ticket_show_description":"","_tribe_ticket_show_not_going":false,"_tribe_ticket_use_global_stock":"","_tribe_ticket_global_stock_level":"","_global_stock_mode":"","_global_stock_cap":"","_tribe_rsvp_for_event":"","_tribe_ticket_going_count":"","_tribe_ticket_not_going_count":"","_tribe_tickets_list":"[]","_tribe_ticket_has_attendee_info_fields":false,"footnotes":"","_tec_slr_enabled":"","_tec_slr_layout":""},"class_list":["post-2159","page","type-page","status-publish","hentry"],"blocksy_meta":[],"acf":[],"ticketed":false,"_links":{"self":[{"href":"https:\/\/valedocapao.chapada.ba\/en\/wp-json\/wp\/v2\/pages\/2159","targetHints":{"allow":["GET"]}}],"collection":[{"href":"https:\/\/valedocapao.chapada.ba\/en\/wp-json\/wp\/v2\/pages"}],"about":[{"href":"https:\/\/valedocapao.chapada.ba\/en\/wp-json\/wp\/v2\/types\/page"}],"author":[{"embeddable":true,"href":"https:\/\/valedocapao.chapada.ba\/en\/wp-json\/wp\/v2\/users\/5"}],"replies":[{"embeddable":true,"href":"https:\/\/valedocapao.chapada.ba\/en\/wp-json\/wp\/v2\/comments?post=2159"}],"version-history":[{"count":6,"href":"https:\/\/valedocapao.chapada.ba\/en\/wp-json\/wp\/v2\/pages\/2159\/revisions"}],"predecessor-version":[{"id":2173,"href":"https:\/\/valedocapao.chapada.ba\/en\/wp-json\/wp\/v2\/pages\/2159\/revisions\/2173"}],"wp:attachment":[{"href":"https:\/\/valedocapao.chapada.ba\/en\/wp-json\/wp\/v2\/media?parent=2159"}],"curies":[{"name":"wp","href":"https:\/\/api.w.org\/{rel}","templated":true}]}}