{"id":2369,"date":"2026-04-24T20:27:15","date_gmt":"2026-04-24T23:27:15","guid":{"rendered":"https:\/\/valedocapao.chapada.ba\/?page_id=2369"},"modified":"2026-04-24T20:41:08","modified_gmt":"2026-04-24T23:41:08","slug":"colaborativadachapada-formacao-2026","status":"publish","type":"page","link":"https:\/\/valedocapao.chapada.ba\/en\/colaborativadachapada-formacao-2026\/","title":{"rendered":"Forma\u00e7\u00e3o Online da Colaborativa da Chapada"},"content":{"rendered":"<figure class=\"wp-block-image aligncenter size-large is-resized\"><img loading=\"lazy\" decoding=\"async\" width=\"1024\" height=\"1024\" src=\"https:\/\/valedocapao.chapada.ba\/wp-content\/uploads\/2026\/04\/COLABORATIVA_COLOR_TRANSPARENTE-1024x1024.png\" alt=\"\" class=\"wp-image-2372\" style=\"aspect-ratio:1.3333333333333333;object-fit:cover;width:527px;height:auto\" srcset=\"https:\/\/valedocapao.chapada.ba\/wp-content\/uploads\/2026\/04\/COLABORATIVA_COLOR_TRANSPARENTE-1024x1024.png 1024w, https:\/\/valedocapao.chapada.ba\/wp-content\/uploads\/2026\/04\/COLABORATIVA_COLOR_TRANSPARENTE-300x300.png 300w, https:\/\/valedocapao.chapada.ba\/wp-content\/uploads\/2026\/04\/COLABORATIVA_COLOR_TRANSPARENTE-150x150.png 150w, https:\/\/valedocapao.chapada.ba\/wp-content\/uploads\/2026\/04\/COLABORATIVA_COLOR_TRANSPARENTE-768x768.png 768w, https:\/\/valedocapao.chapada.ba\/wp-content\/uploads\/2026\/04\/COLABORATIVA_COLOR_TRANSPARENTE-12x12.png 12w, https:\/\/valedocapao.chapada.ba\/wp-content\/uploads\/2026\/04\/COLABORATIVA_COLOR_TRANSPARENTE.png 1080w\" sizes=\"auto, (max-width: 1024px) 100vw, 1024px\" \/><\/figure>\n\n\n<style id=\"wpforms-css-vars-2365-block-7c052438-b427-47f3-bb76-aaea4040e012\">\n\t\t\t\t#wpforms-2365.wpforms-block-7c052438-b427-47f3-bb76-aaea4040e012 {\n\t\t\t\t--wpforms-field-size-input-height: 43px;\n--wpforms-field-size-input-spacing: 15px;\n--wpforms-field-size-font-size: 16px;\n--wpforms-field-size-line-height: 19px;\n--wpforms-field-size-padding-h: 14px;\n--wpforms-field-size-checkbox-size: 16px;\n--wpforms-field-size-sublabel-spacing: 5px;\n--wpforms-field-size-icon-size: 1;\n--wpforms-label-size-font-size: 16px;\n--wpforms-label-size-line-height: 19px;\n--wpforms-label-size-sublabel-font-size: 14px;\n--wpforms-label-size-sublabel-line-height: 17px;\n--wpforms-button-size-font-size: 17px;\n--wpforms-button-size-height: 41px;\n--wpforms-button-size-padding-h: 15px;\n--wpforms-button-size-margin-top: 10px;\n\t\t\t}\n\t\t\t<\/style><div class=\"wpforms-container wpforms-container-full wpforms-block wpforms-block-7c052438-b427-47f3-bb76-aaea4040e012 wpforms-render-modern\" id=\"wpforms-2365\"><form id=\"wpforms-form-2365\" class=\"wpforms-validate wpforms-form wpforms-ajax-form\" data-formid=\"2365\" method=\"post\" enctype=\"multipart\/form-data\" action=\"\/en\/wp-json\/wp\/v2\/pages\/2369\" data-token=\"cec70a7bce0d1c5ab03adba063c1a37d\" data-token-time=\"1777136258\" data-trp-original-action=\"\/en\/wp-json\/wp\/v2\/pages\/2369\"><noscript class=\"wpforms-error-noscript\">Please enable JavaScript in your browser to complete this form.<\/noscript><div id=\"wpforms-error-noscript\" style=\"display: none;\">Please enable JavaScript in your browser to complete this form.<\/div><div class=\"wpforms-field-container\"><div id=\"wpforms-2365-field_1-container\" class=\"wpforms-field wpforms-field-name\" data-field-id=\"1\"><label class=\"wpforms-field-label\" for=\"wpforms-2365-field_1\">Nome: <span class=\"wpforms-required-label\" aria-hidden=\"true\">*<\/span><\/label><input type=\"text\" id=\"wpforms-2365-field_1\" class=\"wpforms-field-medium wpforms-field-required\" name=\"wpforms[fields][1]\" aria-errormessage=\"wpforms-2365-field_1-error\" required><\/div><div id=\"wpforms-2365-field_5-container\" class=\"wpforms-field wpforms-field-number\" data-field-id=\"5\"><label class=\"wpforms-field-label\" for=\"wpforms-2365-field_5\">Data de Nascimento: <span class=\"wpforms-required-label\" aria-hidden=\"true\">*<\/span><\/label><input type=\"number\" id=\"wpforms-2365-field_5\" class=\"wpforms-field-medium wpforms-field-required\" name=\"wpforms[fields][5]\" step=\"any\" aria-errormessage=\"wpforms-2365-field_5-error\" required><\/div>\t\t<div id=\"wpforms-2365-field_8-container\"\n\t\t\tclass=\"wpforms-field wpforms-field-text\"\n\t\t\tdata-field-type=\"text\"\n\t\t\tdata-field-id=\"8\"\n\t\t\t>\n\t\t\t<label class=\"wpforms-field-label\" for=\"wpforms-2365-field_8\" >\/ Cultural Data<\/label>\n\t\t\t<input type=\"text\" id=\"wpforms-2365-field_8\" class=\"wpforms-field-medium\" name=\"wpforms[fields][8]\" >\n\t\t<\/div>\n\t\t<div id=\"wpforms-2365-field_9-container\" class=\"wpforms-field wpforms-field-text\" data-field-id=\"9\"><label class=\"wpforms-field-label\" for=\"wpforms-2365-field_9\">CPF <span class=\"wpforms-required-label\" aria-hidden=\"true\">*<\/span><\/label><input type=\"text\" id=\"wpforms-2365-field_9\" class=\"wpforms-field-medium wpforms-field-required\" name=\"wpforms[fields][9]\" aria-errormessage=\"wpforms-2365-field_9-error\" aria-describedby=\"wpforms-2365-field_9-description\" required><div id=\"wpforms-2365-field_9-description\" class=\"wpforms-field-description\">Informe o n\u00famero do seu cadastro de pessoa f\u00edsica<\/div><\/div><div id=\"wpforms-2365-field_2-container\" class=\"wpforms-field wpforms-field-email\" data-field-id=\"2\"><label class=\"wpforms-field-label\" for=\"wpforms-2365-field_2\">E-mail: <span class=\"wpforms-required-label\" aria-hidden=\"true\">*<\/span><\/label><input type=\"email\" id=\"wpforms-2365-field_2\" class=\"wpforms-field-medium wpforms-field-required\" name=\"wpforms[fields][2]\" spellcheck=\"false\" aria-errormessage=\"wpforms-2365-field_2-error\" required><\/div><div id=\"wpforms-2365-field_3-container\" class=\"wpforms-field wpforms-field-text\" data-field-id=\"3\"><label class=\"wpforms-field-label\" for=\"wpforms-2365-field_3\">Telefone:<\/label><input type=\"text\" id=\"wpforms-2365-field_3\" class=\"wpforms-field-medium\" name=\"wpforms[fields][3]\" placeholder=\"DDD *********\" aria-errormessage=\"wpforms-2365-field_3-error\" ><\/div><div id=\"wpforms-2365-field_4-container\" class=\"wpforms-field wpforms-field-text\" data-field-id=\"4\"><label class=\"wpforms-field-label\" for=\"wpforms-2365-field_4\">Munic\u00edpio \/ UF <span class=\"wpforms-required-label\" aria-hidden=\"true\">*<\/span><\/label><input type=\"text\" id=\"wpforms-2365-field_4\" class=\"wpforms-field-medium wpforms-field-required\" name=\"wpforms[fields][4]\" placeholder=\"Ex: Doce mel\" aria-errormessage=\"wpforms-2365-field_4-error\" aria-describedby=\"wpforms-2365-field_4-description\" required><div id=\"wpforms-2365-field_4-description\" class=\"wpforms-field-description\">Informe seu mun\u00edcipio e a Unidade da Federa\u00e7\u00e3o. Ex: Palmeiras \/ BA.<\/div><\/div><div id=\"wpforms-2365-field_6-container\" class=\"wpforms-field wpforms-field-text\" data-field-id=\"6\"><label class=\"wpforms-field-label\" for=\"wpforms-2365-field_6\">Coletivo Cultural<\/label><input type=\"text\" id=\"wpforms-2365-field_6\" class=\"wpforms-field-medium\" name=\"wpforms[fields][6]\" aria-errormessage=\"wpforms-2365-field_6-error\" aria-describedby=\"wpforms-2365-field_6-description\" ><div id=\"wpforms-2365-field_6-description\" class=\"wpforms-field-description\">(se estiver inserido em algum)<\/div><\/div><div id=\"wpforms-2365-field_7-container\" class=\"wpforms-field wpforms-field-checkbox\" data-field-id=\"7\"><fieldset><legend class=\"wpforms-field-label\">Oficinas <span class=\"wpforms-required-label\" aria-hidden=\"true\">*<\/span><\/legend><ul id=\"wpforms-2365-field_7\" class=\"wpforms-field-required\"><li class=\"choice-5 depth-1\"><input type=\"checkbox\" id=\"wpforms-2365-field_7_5\" name=\"wpforms[fields][7][]\" value=\"Segunda 27\/04 - 18h - 20h -Tema: Software Livre RIOS\" aria-errormessage=\"wpforms-2365-field_7_5-error\" required><label class=\"wpforms-field-label-inline\" for=\"wpforms-2365-field_7_5\">Segunda 27\/04 &#8211; 18h &#8211; 20h -Tema: Software Livre RIOS<\/label><\/li><li class=\"choice-1 depth-1\"><input type=\"checkbox\" id=\"wpforms-2365-field_7_1\" name=\"wpforms[fields][7][]\" value=\"Ter\u00e7a 28\/04 - 18h - 20h - Tema: Rede iTEIA de Cultura, Arte e Cidadania\" aria-errormessage=\"wpforms-2365-field_7_1-error\" required><label class=\"wpforms-field-label-inline\" for=\"wpforms-2365-field_7_1\">Ter\u00e7a 28\/04 &#8211; 18h &#8211; 20h &#8211; Tema: Rede iTEIA de Cultura, Arte e Cidadania<\/label><\/li><\/ul><\/fieldset><\/div><script>\n\t\t\t\t( function() {\n\t\t\t\t\tconst style = document.createElement( 'style' );\n\t\t\t\t\tstyle.appendChild( document.createTextNode( '#wpforms-2365-field_8-container { position: absolute !important; overflow: hidden !important; display: inline !important; height: 1px !important; width: 1px !important; z-index: -1000 !important; padding: 0 !important; } #wpforms-2365-field_8-container input { visibility: hidden; } #wpforms-conversational-form-page #wpforms-2365-field_8-container label { counter-increment: none; }' ) );\n\t\t\t\t\tdocument.head.appendChild( style );\n\t\t\t\t\tdocument.currentScript?.remove();\n\t\t\t\t} )();\n\t\t\t<\/script><\/div><!-- .wpforms-field-container --><div class=\"wpforms-submit-container\" ><input type=\"hidden\" name=\"wpforms[id]\" value=\"2365\"><input type=\"hidden\" name=\"page_title\" value=\"\"><input type=\"hidden\" name=\"page_url\" value=\"https:\/\/valedocapao.chapada.ba\/en\/wp-json\/wp\/v2\/pages\/2369\"><input type=\"hidden\" name=\"url_referer\" value=\"\"><button type=\"submit\" name=\"wpforms[submit]\" id=\"wpforms-submit-2365\" class=\"wpforms-submit\" data-alt-text=\"Enviando\u2026\" data-submit-text=\"Enviar\" aria-live=\"assertive\" value=\"wpforms-submit\">Enviar<\/button><img loading=\"lazy\" decoding=\"async\" src=\"https:\/\/valedocapao.chapada.ba\/wp-content\/plugins\/wpforms-lite\/assets\/images\/submit-spin.svg\" class=\"wpforms-submit-spinner\" style=\"display: none;\" width=\"26\" height=\"26\" alt=\"Loading\"><\/div><input type=\"hidden\" name=\"trp-form-language\" value=\"en\"\/><\/form><\/div>  <!-- .wpforms-container -->","protected":false},"excerpt":{"rendered":"","protected":false},"author":3,"featured_media":0,"parent":0,"menu_order":0,"comment_status":"closed","ping_status":"closed","template":"","meta":{"_acf_changed":false,"_price":"","_stock":"","_tribe_ticket_header":"","_tribe_default_ticket_provider":"","_ticket_start_date":"","_ticket_end_date":"","_tribe_ticket_show_description":"","_tribe_ticket_show_not_going":false,"_tribe_ticket_use_global_stock":"","_tribe_ticket_global_stock_level":"","_global_stock_mode":"","_global_stock_cap":"","_tribe_rsvp_for_event":"","_tribe_ticket_going_count":"","_tribe_ticket_not_going_count":"","_tribe_tickets_list":"[]","_tribe_ticket_has_attendee_info_fields":false,"footnotes":"","_tec_slr_enabled":"","_tec_slr_layout":""},"class_list":["post-2369","page","type-page","status-publish","hentry"],"blocksy_meta":[],"acf":[],"ticketed":false,"_links":{"self":[{"href":"https:\/\/valedocapao.chapada.ba\/en\/wp-json\/wp\/v2\/pages\/2369","targetHints":{"allow":["GET"]}}],"collection":[{"href":"https:\/\/valedocapao.chapada.ba\/en\/wp-json\/wp\/v2\/pages"}],"about":[{"href":"https:\/\/valedocapao.chapada.ba\/en\/wp-json\/wp\/v2\/types\/page"}],"author":[{"embeddable":true,"href":"https:\/\/valedocapao.chapada.ba\/en\/wp-json\/wp\/v2\/users\/3"}],"replies":[{"embeddable":true,"href":"https:\/\/valedocapao.chapada.ba\/en\/wp-json\/wp\/v2\/comments?post=2369"}],"version-history":[{"count":3,"href":"https:\/\/valedocapao.chapada.ba\/en\/wp-json\/wp\/v2\/pages\/2369\/revisions"}],"predecessor-version":[{"id":2375,"href":"https:\/\/valedocapao.chapada.ba\/en\/wp-json\/wp\/v2\/pages\/2369\/revisions\/2375"}],"wp:attachment":[{"href":"https:\/\/valedocapao.chapada.ba\/en\/wp-json\/wp\/v2\/media?parent=2369"}],"curies":[{"name":"wp","href":"https:\/\/api.w.org\/{rel}","templated":true}]}}