{"id":2382,"date":"2026-04-28T17:42:39","date_gmt":"2026-04-28T20:42:39","guid":{"rendered":"https:\/\/valedocapao.chapada.ba\/?page_id=2382"},"modified":"2026-04-28T17:42:46","modified_gmt":"2026-04-28T20:42:46","slug":"lista-de-presenca-oficina-iteia-2026","status":"publish","type":"page","link":"https:\/\/valedocapao.chapada.ba\/en\/lista-de-presenca-oficina-iteia-2026\/","title":{"rendered":"Lista de Presen\u00e7a &#8211; Oficina iTEIA 2026"},"content":{"rendered":"<style id=\"wpforms-css-vars-2378-block-c244d256-bd90-4e7d-94fb-96005f61942a\">\n\t\t\t\t#wpforms-2378.wpforms-block-c244d256-bd90-4e7d-94fb-96005f61942a {\n\t\t\t\t--wpforms-field-size-input-height: 43px;\n--wpforms-field-size-input-spacing: 15px;\n--wpforms-field-size-font-size: 16px;\n--wpforms-field-size-line-height: 19px;\n--wpforms-field-size-padding-h: 14px;\n--wpforms-field-size-checkbox-size: 16px;\n--wpforms-field-size-sublabel-spacing: 5px;\n--wpforms-field-size-icon-size: 1;\n--wpforms-label-size-font-size: 16px;\n--wpforms-label-size-line-height: 19px;\n--wpforms-label-size-sublabel-font-size: 14px;\n--wpforms-label-size-sublabel-line-height: 17px;\n--wpforms-button-size-font-size: 17px;\n--wpforms-button-size-height: 41px;\n--wpforms-button-size-padding-h: 15px;\n--wpforms-button-size-margin-top: 10px;\n\t\t\t}\n\t\t\t<\/style><div class=\"wpforms-container wpforms-container-full wpforms-block wpforms-block-c244d256-bd90-4e7d-94fb-96005f61942a wpforms-render-modern\" id=\"wpforms-2378\"><form id=\"wpforms-form-2378\" class=\"wpforms-validate wpforms-form wpforms-ajax-form\" data-formid=\"2378\" method=\"post\" enctype=\"multipart\/form-data\" action=\"\/en\/wp-json\/wp\/v2\/pages\/2382\" data-token=\"8f33e97df9e6a25ea8a2d385fa6be550\" data-token-time=\"1777481419\" data-trp-original-action=\"\/en\/wp-json\/wp\/v2\/pages\/2382\"><noscript class=\"wpforms-error-noscript\">Please enable JavaScript in your browser to complete this form.<\/noscript><div id=\"wpforms-error-noscript\" style=\"display: none;\">Please enable JavaScript in your browser to complete this form.<\/div><div class=\"wpforms-field-container\"><div id=\"wpforms-2378-field_1-container\" class=\"wpforms-field wpforms-field-name\" data-field-id=\"1\"><label class=\"wpforms-field-label\" for=\"wpforms-2378-field_1\">Nome: <span class=\"wpforms-required-label\" aria-hidden=\"true\">*<\/span><\/label><input type=\"text\" id=\"wpforms-2378-field_1\" class=\"wpforms-field-medium wpforms-field-required\" name=\"wpforms[fields][1]\" aria-errormessage=\"wpforms-2378-field_1-error\" required><\/div>\t\t<div id=\"wpforms-2378-field_5-container\"\n\t\t\tclass=\"wpforms-field wpforms-field-text\"\n\t\t\tdata-field-type=\"text\"\n\t\t\tdata-field-id=\"5\"\n\t\t\t>\n\t\t\t<label class=\"wpforms-field-label\" for=\"wpforms-2378-field_5\" >CPF UF Cultural<\/label>\n\t\t\t<input type=\"text\" id=\"wpforms-2378-field_5\" class=\"wpforms-field-medium\" name=\"wpforms[fields][5]\" >\n\t\t<\/div>\n\t\t<div id=\"wpforms-2378-field_9-container\" class=\"wpforms-field wpforms-field-text\" data-field-id=\"9\"><label class=\"wpforms-field-label\" for=\"wpforms-2378-field_9\">CPF <span class=\"wpforms-required-label\" aria-hidden=\"true\">*<\/span><\/label><input type=\"text\" id=\"wpforms-2378-field_9\" class=\"wpforms-field-medium wpforms-field-required\" name=\"wpforms[fields][9]\" aria-errormessage=\"wpforms-2378-field_9-error\" aria-describedby=\"wpforms-2378-field_9-description\" required><div id=\"wpforms-2378-field_9-description\" class=\"wpforms-field-description\">Informe o n\u00famero do seu cadastro de pessoa f\u00edsica<\/div><\/div><div id=\"wpforms-2378-field_2-container\" class=\"wpforms-field wpforms-field-email\" data-field-id=\"2\"><label class=\"wpforms-field-label\" for=\"wpforms-2378-field_2\">E-mail: <span class=\"wpforms-required-label\" aria-hidden=\"true\">*<\/span><\/label><input type=\"email\" id=\"wpforms-2378-field_2\" class=\"wpforms-field-medium wpforms-field-required\" name=\"wpforms[fields][2]\" spellcheck=\"false\" aria-errormessage=\"wpforms-2378-field_2-error\" required><\/div><div id=\"wpforms-2378-field_3-container\" class=\"wpforms-field wpforms-field-text\" data-field-id=\"3\"><label class=\"wpforms-field-label\" for=\"wpforms-2378-field_3\">Telefone:<\/label><input type=\"text\" id=\"wpforms-2378-field_3\" class=\"wpforms-field-medium\" name=\"wpforms[fields][3]\" placeholder=\"DDD *********\" aria-errormessage=\"wpforms-2378-field_3-error\" ><\/div><div id=\"wpforms-2378-field_4-container\" class=\"wpforms-field wpforms-field-text\" data-field-id=\"4\"><label class=\"wpforms-field-label\" for=\"wpforms-2378-field_4\">Munic\u00edpio \/ UF <span class=\"wpforms-required-label\" aria-hidden=\"true\">*<\/span><\/label><input type=\"text\" id=\"wpforms-2378-field_4\" class=\"wpforms-field-medium wpforms-field-required\" name=\"wpforms[fields][4]\" placeholder=\"Ex: Doce mel\" aria-errormessage=\"wpforms-2378-field_4-error\" aria-describedby=\"wpforms-2378-field_4-description\" required><div id=\"wpforms-2378-field_4-description\" class=\"wpforms-field-description\">Informe seu mun\u00edcipio e a Unidade da Federa\u00e7\u00e3o. Ex: Palmeiras \/ BA.<\/div><\/div><div id=\"wpforms-2378-field_6-container\" class=\"wpforms-field wpforms-field-text\" data-field-id=\"6\"><label class=\"wpforms-field-label\" for=\"wpforms-2378-field_6\">Coletivo Cultural<\/label><input type=\"text\" id=\"wpforms-2378-field_6\" class=\"wpforms-field-medium\" name=\"wpforms[fields][6]\" aria-errormessage=\"wpforms-2378-field_6-error\" aria-describedby=\"wpforms-2378-field_6-description\" ><div id=\"wpforms-2378-field_6-description\" class=\"wpforms-field-description\">(se estiver inserido em algum)<\/div><\/div><script>\n\t\t\t\t( function() {\n\t\t\t\t\tconst style = document.createElement( 'style' );\n\t\t\t\t\tstyle.appendChild( document.createTextNode( '#wpforms-2378-field_5-container { position: absolute !important; overflow: hidden !important; display: inline !important; height: 1px !important; width: 1px !important; z-index: -1000 !important; padding: 0 !important; } #wpforms-2378-field_5-container input { visibility: hidden; } #wpforms-conversational-form-page #wpforms-2378-field_5-container label { counter-increment: none; }' ) );\n\t\t\t\t\tdocument.head.appendChild( style );\n\t\t\t\t\tdocument.currentScript?.remove();\n\t\t\t\t} )();\n\t\t\t<\/script><\/div><!-- .wpforms-field-container --><div class=\"wpforms-submit-container\" ><input type=\"hidden\" name=\"wpforms[id]\" value=\"2378\"><input type=\"hidden\" name=\"page_title\" value=\"\"><input type=\"hidden\" name=\"page_url\" value=\"https:\/\/valedocapao.chapada.ba\/en\/wp-json\/wp\/v2\/pages\/2382\"><input type=\"hidden\" name=\"url_referer\" value=\"\"><button type=\"submit\" name=\"wpforms[submit]\" id=\"wpforms-submit-2378\" class=\"wpforms-submit\" data-alt-text=\"Enviando\u2026\" data-submit-text=\"Enviar\" aria-live=\"assertive\" value=\"wpforms-submit\">Enviar<\/button><img loading=\"lazy\" decoding=\"async\" src=\"https:\/\/valedocapao.chapada.ba\/wp-content\/plugins\/wpforms-lite\/assets\/images\/submit-spin.svg\" class=\"wpforms-submit-spinner\" style=\"display: none;\" width=\"26\" height=\"26\" alt=\"Loading\"><\/div><input type=\"hidden\" name=\"trp-form-language\" value=\"en\"\/><\/form><\/div>  <!-- .wpforms-container -->","protected":false},"excerpt":{"rendered":"","protected":false},"author":1,"featured_media":2383,"parent":0,"menu_order":0,"comment_status":"closed","ping_status":"closed","template":"","meta":{"_acf_changed":false,"_price":"","_stock":"","_tribe_ticket_header":"","_tribe_default_ticket_provider":"","_ticket_start_date":"","_ticket_end_date":"","_tribe_ticket_show_description":"","_tribe_ticket_show_not_going":false,"_tribe_ticket_use_global_stock":"","_tribe_ticket_global_stock_level":"","_global_stock_mode":"","_global_stock_cap":"","_tribe_rsvp_for_event":"","_tribe_ticket_going_count":"","_tribe_ticket_not_going_count":"","_tribe_tickets_list":"[]","_tribe_ticket_has_attendee_info_fields":false,"footnotes":"","_tec_slr_enabled":"","_tec_slr_layout":""},"class_list":["post-2382","page","type-page","status-publish","has-post-thumbnail","hentry"],"blocksy_meta":[],"acf":[],"ticketed":false,"_links":{"self":[{"href":"https:\/\/valedocapao.chapada.ba\/en\/wp-json\/wp\/v2\/pages\/2382","targetHints":{"allow":["GET"]}}],"collection":[{"href":"https:\/\/valedocapao.chapada.ba\/en\/wp-json\/wp\/v2\/pages"}],"about":[{"href":"https:\/\/valedocapao.chapada.ba\/en\/wp-json\/wp\/v2\/types\/page"}],"author":[{"embeddable":true,"href":"https:\/\/valedocapao.chapada.ba\/en\/wp-json\/wp\/v2\/users\/1"}],"replies":[{"embeddable":true,"href":"https:\/\/valedocapao.chapada.ba\/en\/wp-json\/wp\/v2\/comments?post=2382"}],"version-history":[{"count":1,"href":"https:\/\/valedocapao.chapada.ba\/en\/wp-json\/wp\/v2\/pages\/2382\/revisions"}],"predecessor-version":[{"id":2384,"href":"https:\/\/valedocapao.chapada.ba\/en\/wp-json\/wp\/v2\/pages\/2382\/revisions\/2384"}],"wp:featuredmedia":[{"embeddable":true,"href":"https:\/\/valedocapao.chapada.ba\/en\/wp-json\/wp\/v2\/media\/2383"}],"wp:attachment":[{"href":"https:\/\/valedocapao.chapada.ba\/en\/wp-json\/wp\/v2\/media?parent=2382"}],"curies":[{"name":"wp","href":"https:\/\/api.w.org\/{rel}","templated":true}]}}